{"id":784,"date":"2022-02-10T17:11:01","date_gmt":"2022-02-10T16:11:01","guid":{"rendered":"https:\/\/www.mb-vermarktung.de\/?page_id=784"},"modified":"2023-07-10T21:22:11","modified_gmt":"2023-07-10T19:22:11","slug":"imprint","status":"publish","type":"page","link":"https:\/\/www.mb-vermarktung.de\/en\/imprint\/","title":{"rendered":"Imprint"},"content":{"rendered":"<p>[et_pb_section fb_built=&#8221;1&#8243; _builder_version=&#8221;4.16&#8243; _module_preset=&#8221;default&#8221; background_color=&#8221;#faf7f1&#8243; global_colors_info=&#8221;{}&#8221;][et_pb_row _builder_version=&#8221;4.16&#8243; _module_preset=&#8221;default&#8221; global_colors_info=&#8221;{}&#8221;][et_pb_column type=&#8221;4_4&#8243; _builder_version=&#8221;4.16&#8243; _module_preset=&#8221;default&#8221; global_colors_info=&#8221;{}&#8221;][et_pb_text _builder_version=&#8221;4.16&#8243; _module_preset=&#8221;default&#8221; header_font=&#8221;Istok Web|700|||||||&#8221; header_text_color=&#8221;#008c12&#8243; header_font_size=&#8221;36px&#8221; background_color=&#8221;RGBA(255,255,255,0)&#8221; box_shadow_style=&#8221;preset4&#8243; box_shadow_color=&#8221;rgba(196,177,138,0.3)&#8221; global_colors_info=&#8221;{}&#8221;]<\/p>\n<h1>Imprint<\/h1>\n<p>[\/et_pb_text][\/et_pb_column][\/et_pb_row][et_pb_row column_structure=&#8221;1_3,2_3&#8243; _builder_version=&#8221;4.16&#8243; _module_preset=&#8221;default&#8221; global_colors_info=&#8221;{}&#8221;][et_pb_column type=&#8221;1_3&#8243; _builder_version=&#8221;4.16&#8243; _module_preset=&#8221;default&#8221; global_colors_info=&#8221;{}&#8221;][et_pb_image src=&#8221;https:\/\/www.mb-vermarktung.de\/wp-content\/uploads\/recht.jpg&#8221; title_text=&#8221;recht&#8221; _builder_version=&#8221;4.16&#8243; _module_preset=&#8221;default&#8221; global_colors_info=&#8221;{}&#8221;][\/et_pb_image][\/et_pb_column][et_pb_column type=&#8221;2_3&#8243; _builder_version=&#8221;4.16&#8243; _module_preset=&#8221;default&#8221; global_colors_info=&#8221;{}&#8221;][et_pb_text _builder_version=&#8221;4.21.0&#8243; _module_preset=&#8221;default&#8221; header_4_font=&#8221;Istok Web|700|||||||&#8221; header_4_text_color=&#8221;#008c12&#8243; header_4_font_size=&#8221;20px&#8221; header_4_line_height=&#8221;0.3em&#8221; header_5_font=&#8221;Istok Web|700|||||||&#8221; hover_enabled=&#8221;0&#8243; global_colors_info=&#8221;{}&#8221; sticky_enabled=&#8221;0&#8243;]<\/p>\n<h4>MB-VERMARKTUNG<\/h4>\n<p>Vermarktung von Bio-Fleisch<\/p>\n<p>mb-Vermarktung Martin Bauer e.K.<br \/>Hohenlohestr. 22, 74523 Schw\u00e4bisch Hall, Germany<\/p>\n<p><img loading=\"lazy\" decoding=\"async\" src=\"https:\/\/www.mb-vermarktung.de\/wp-content\/uploads\/icon_telefon.png\" alt=\"\" width=\"20\" height=\"20\" \/>\u00a0+49 791 202139-0<br \/><img loading=\"lazy\" decoding=\"async\" class=\"wp-image-55 alignnone size-full\" src=\"https:\/\/www.mb-vermarktung.de\/wp-content\/uploads\/ikon_fax.png\" alt=\"\" width=\"20\" height=\"20\" \/>\u00a0+49 791 202139-20<br \/><img loading=\"lazy\" decoding=\"async\" class=\"wp-image-54 alignnone size-full\" src=\"https:\/\/www.mb-vermarktung.de\/wp-content\/uploads\/ikon_email.png\" alt=\"\" width=\"20\" height=\"20\" \/>\u00a0<a href=\"mailto:info@mb-vermarktung.de\">info@mb-vermarktung.de<\/a><\/p>\n<p>Commercial Register: Local Court of Stuttgart<br \/>Registernumber: HRA 736662<\/p>\n<p>Owner: Martin Bauer<\/p>\n<p>USt.-ID: DE182933871<\/p>\n<p>DE-\u00d6KO-007<\/p>\n<p>Responsible for content in the meaning of \u00a7 18 Abs. 2 RMStV:<\/p>\n<p>Martin Bauer<br \/>c\/o mb-Vermarktung Martin Bauer e.K.<br \/>Hohenlohestr. 22 \u00b7 74523 Schw\u00e4bisch Hall \u00b7 Germany<\/p>\n<p>The following certificate is available according to artikle 35 paragraph 1 of the regulation (EG) Nr. 2018\/848 on organic production and labeling of organic products.<\/p>\n<p>Control number: DE-BW-007-05516-BD<br \/>Control Authority:<br \/>Pr\u00fcfgesellschaft \u00f6kologischer Landbau mbH<br \/>Bahnhofstrasse 9<br \/>76137 Karlsruhe<br \/>DE-\u00d6KO-007<\/p>\n<p>Certificat: <a href=\"\/zertifikate\/\" target=\"_blank\" rel=\"noopener\">you find here<\/a><\/p>\n<p>&nbsp;<\/p>\n<h4>Image licensing<\/h4>\n<p>Adobe Stock\u00a0 #475450368,\u00a0 Carbon footprint concept. CO2 emission &#8230;.., copyright:\u00a0 Anastasia<br \/>Landeswettbewerb: Martin Wagenhahn, Stingler, KD Busch<br \/>Unsere Lieferanten, Unternehmenszweck: Martin Wagenhahn, Martin Bauer<br \/>Fotolia, Bild-ID #40716684, Biofleisch schild, Urheber: Marco2811<br \/>Fotolia, Bild-ID #69249720, Slack line in the city park., Urheber: kasto<br \/>Fotolia, Bild-ID #68487056, Freilaufende G\u00e4nse, Urheber: artfocus<br \/>Fotolia, Bild-ID #40899148, Chickens and cock, Urheber: NMint<br \/>Fotolia, Bild-ID #73874383, Confident Butcher, Urheber: Tyler Olson<br \/>Fotolia, Bild-ID #82950185, Solar Schafe, Urheber: hykoe<br \/>Fotolia, Bild-ID #61595421, K\u00fche vor den Helfensteinen &#8230;, Urheber: Schmutzler-Schaub<br \/>Fotolia, Bild-ID #83305714, A flock of white ducks &#8230;, Urheber: gumpapa<br \/>Fotolia, Bild-ID #51021006, Young woman shopping for &#8230;, Urheber: lightpoet<br \/>Fotolia, Bild-ID #65883336, cutting meat in a meat factory, Urheber: vipavlenkoff<br \/>MEV, Bild-ID MEV34051, Berner Sennenhund<br \/>FOOD, Bild-ID ET1421, Rindersteak<br \/>Adobe Stock, 164287268, Daniel Berkmann, Profil &#8211; Icon mit geometrischem Hintergrund blau<\/p>\n<p>[\/et_pb_text][\/et_pb_column][\/et_pb_row][\/et_pb_section]<\/p>\n","protected":false},"excerpt":{"rendered":"<p>ImprintMB-VERMARKTUNG Vermarktung von Bio-Fleisch mb-Vermarktung Martin Bauer e.K.Hohenlohestr. 22, 74523 Schw\u00e4bisch Hall, Germany \u00a0+49 791 202139-0\u00a0+49 791 202139-20\u00a0info@mb-vermarktung.de Commercial Register: Local Court of StuttgartRegisternumber: HRA 736662 Owner: Martin Bauer USt.-ID: DE182933871 DE-\u00d6KO-007 Responsible for content in the meaning of \u00a7 18 Abs. 2 RMStV: Martin Bauerc\/o mb-Vermarktung Martin Bauer e.K.Hohenlohestr. 22 \u00b7 74523 Schw\u00e4bisch Hall [&hellip;]<\/p>\n","protected":false},"author":2,"featured_media":0,"parent":0,"menu_order":0,"comment_status":"closed","ping_status":"closed","template":"","meta":{"_et_pb_use_builder":"on","_et_pb_old_content":"[et_pb_section fb_built=\"1\" _builder_version=\"4.14.7\" _module_preset=\"default\" background_color=\"#faf7f1\" global_colors_info=\"{}\"][et_pb_row _builder_version=\"4.14.7\" _module_preset=\"default\" global_colors_info=\"{}\"][et_pb_column type=\"4_4\" _builder_version=\"4.14.7\" _module_preset=\"default\" global_colors_info=\"{}\"][et_pb_text _builder_version=\"4.14.7\" _module_preset=\"default\" header_font=\"Istok Web|700|||||||\" header_text_color=\"#008c12\" header_font_size=\"36px\" background_color=\"RGBA(255,255,255,0)\" hover_enabled=\"0\" box_shadow_style=\"preset4\" box_shadow_color=\"rgba(196,177,138,0.3)\" global_colors_info=\"{}\" sticky_enabled=\"0\"]\n<h1>Imprint<\/h1>\n[\/et_pb_text][\/et_pb_column][\/et_pb_row][et_pb_row column_structure=\"1_3,2_3\" _builder_version=\"4.14.7\" _module_preset=\"default\" global_colors_info=\"{}\"][et_pb_column type=\"1_3\" _builder_version=\"4.14.7\" _module_preset=\"default\" global_colors_info=\"{}\"][et_pb_image src=\"https:\/\/www.mb-vermarktung.de\/wp-content\/uploads\/recht.jpg\" title_text=\"recht\" _builder_version=\"4.14.7\" _module_preset=\"default\" global_colors_info=\"{}\"][\/et_pb_image][\/et_pb_column][et_pb_column type=\"2_3\" _builder_version=\"4.14.7\" _module_preset=\"default\" global_colors_info=\"{}\"][et_pb_text _builder_version=\"4.14.7\" _module_preset=\"default\" header_4_font=\"Istok Web|700|||||||\" header_4_text_color=\"#008c12\" header_4_font_size=\"20px\" header_4_line_height=\"0.3em\" header_5_font=\"Istok Web|700|||||||\" global_colors_info=\"{}\"]\n<h4>MB-VERMARKTUNG<\/h4>\nVermarktung von Bio-Fleisch\n\nmb-Vermarktung Martin Bauer e.K.\nHohenlohestr. 22, 74523 Schw\u00e4bisch Hall\n\n<img src=\"https:\/\/www.mb-vermarktung.de\/wp-content\/uploads\/icon_telefon.png\" alt=\"\" width=\"20\" height=\"20\" \/>\u00a0+49 791 202139-0\n<img class=\"wp-image-55 alignnone size-full\" src=\"https:\/\/www.mb-vermarktung.de\/wp-content\/uploads\/ikon_fax.png\" alt=\"\" width=\"20\" height=\"20\" \/>\u00a0+49 791 202139-20\n<img class=\"wp-image-54 alignnone size-full\" src=\"https:\/\/www.mb-vermarktung.de\/wp-content\/uploads\/ikon_email.png\" alt=\"\" width=\"20\" height=\"20\" \/>\u00a0<a href=\"mailto:info@mb-vermarktung.de\">info@mb-vermarktung.de<\/a>\n\nHandelsregister: Amtsgericht Stuttgart\nRegisternummer: HRA 736662\n\nInhaber: Martin Bauer\n\nUSt.-ID: DE182933871\n\nDE-\u00d6KO-007\n\nVerantwortlich f\u00fcr Inhalte i.S.d. \u00a7 55 Abs. 2 RStV:\nMartin Bauer\nc\/o mb-Vermarktung Martin Bauer e.K.\nHohenlohestr. 22 \u00b7 74523 Schw\u00e4bisch Hall\n\nF\u00fcr die mit dem <strong>BIO-SIEGEL<\/strong> beworbenen Leistungen und Produkte liegt die folgende Bescheinigung vor:\n\nVerarbeiter und Vergabe von Lohnauftr\u00e4gen gem\u00e4\u00df Artikel 29 Absatz 1 der Verordnung (EG) Nr. 834\/2007 f\u00fcr die \u00f6kologischen\/biologischen Erzeugnisse:\n\nHandel mit Gefl\u00fcgel-, Rind- und Schweinefleisch und Fleischerzeugnissen sowie Fisch und Rohstoffen f\u00fcr die Heimtiernahrung.\n\nKontrollnummer: DE-BW-007-05516-BD\nKontrollstelle:\nPr\u00fcfgesellschaft \u00f6kologischer Landbau mbH\nBahnhofstrasse 9, 76137 Karlsruhe\nDE-\u00d6KO-007\nBescheinigung: <a href=\"\/zertifikate\/\" target=\"_blank\" rel=\"noopener\">finden Sie hier<\/a>\n<h4>BILDNACHWEIS<\/h4>\nLandeswettbewerb: Martin Wagenhahn, Stingler, KD Busch\nUnsere Lieferanten, Unternehmenszweck: Martin Wagenhahn, Martin Bauer\nFotolia, Bild-ID #40716684, Biofleisch schild, Urheber: Marco2811\nFotolia, Bild-ID #69249720, Slack line in the city park., Urheber: kasto\nFotolia, Bild-ID #68487056, Freilaufende G\u00e4nse, Urheber: artfocus\nFotolia, Bild-ID #40899148, Chickens and cock, Urheber: NMint\nFotolia, Bild-ID #73874383, Confident Butcher, Urheber: Tyler Olson\nFotolia, Bild-ID #82950185, Solar Schafe, Urheber: hykoe\nFotolia, Bild-ID #61595421, K\u00fche vor den Helfensteinen ..., Urheber: Schmutzler-Schaub\nFotolia, Bild-ID #83305714, A flock of white ducks ..., Urheber: gumpapa\nFotolia, Bild-ID #51021006, Young woman shopping for ..., Urheber: lightpoet\nFotolia, Bild-ID #65883336, cutting meat in a meat factory, Urheber: vipavlenkoff\nMEV, Bild-ID MEV34051, Berner Sennenhund\nFOOD, Bild-ID ET1421, Rindersteak\n\n[\/et_pb_text][\/et_pb_column][\/et_pb_row][\/et_pb_section]","_et_gb_content_width":"","footnotes":""},"class_list":["post-784","page","type-page","status-publish","hentry"],"_links":{"self":[{"href":"https:\/\/www.mb-vermarktung.de\/en\/wp-json\/wp\/v2\/pages\/784","targetHints":{"allow":["GET"]}}],"collection":[{"href":"https:\/\/www.mb-vermarktung.de\/en\/wp-json\/wp\/v2\/pages"}],"about":[{"href":"https:\/\/www.mb-vermarktung.de\/en\/wp-json\/wp\/v2\/types\/page"}],"author":[{"embeddable":true,"href":"https:\/\/www.mb-vermarktung.de\/en\/wp-json\/wp\/v2\/users\/2"}],"replies":[{"embeddable":true,"href":"https:\/\/www.mb-vermarktung.de\/en\/wp-json\/wp\/v2\/comments?post=784"}],"version-history":[{"count":7,"href":"https:\/\/www.mb-vermarktung.de\/en\/wp-json\/wp\/v2\/pages\/784\/revisions"}],"predecessor-version":[{"id":1372,"href":"https:\/\/www.mb-vermarktung.de\/en\/wp-json\/wp\/v2\/pages\/784\/revisions\/1372"}],"wp:attachment":[{"href":"https:\/\/www.mb-vermarktung.de\/en\/wp-json\/wp\/v2\/media?parent=784"}],"curies":[{"name":"wp","href":"https:\/\/api.w.org\/{rel}","templated":true}]}}